{"id":20,"date":"2019-11-14T17:59:40","date_gmt":"2019-11-14T16:59:40","guid":{"rendered":"https:\/\/korianderplus.de\/Koriander_2019\/?page_id=20"},"modified":"2024-03-13T14:26:35","modified_gmt":"2024-03-13T13:26:35","slug":"speisekarte","status":"publish","type":"page","link":"https:\/\/www.korianderplus.de\/?page_id=20","title":{"rendered":"Spicken ausdr\u00fccklich erlaubt."},"content":{"rendered":"\n<p class=\"absatz_prominent\">Ob fruchtig leichte Salate, bunte Curries mit frischen Kr\u00e4utern, deftiges Schwein in Karamellsauce oder zuckers\u00fc\u00dfe Babybananen \u2013 bei uns findet bestimmt jeder etwas!<\/p>\n\n\n\n<div class=\"wp-block-button\"><a class=\"wp-block-button__link has-white-color has-text-color has-background\" href=\"https:\/\/www.korianderplus.de\/wp-content\/uploads\/2024\/03\/Speisekarte_Koriander_2024.pdf\" style=\"color: white; border-radius:50px;background-color:#f04c3b\" target=\"_blank\" rel=\"noreferrer noopener 54\">Zur Speisekarte<\/a><\/div>\n<div class=\"tkss-post-share icons \"><div class=\"single-soc-share-link\"><a href=\"https:\/\/www.facebook.com\/sharer\/sharer.php?u=https:\/\/www.korianderplus.de\/?page_id=20\" title=\"Share on Facebook\" target=\"_blank\"><span>Facebook<\/span><i class=\"icon-facebook\"><\/i><\/a><\/div><div class=\"single-soc-share-link\"><a href=\"https:\/\/twitter.com\/home?status=Check%20out%20this%20article:%20Spicken ausdr\u00fccklich erlaubt.%20-%20https:\/\/www.korianderplus.de\/?page_id=20\" title=\"Share on Twitter\" target=\"_blank\"><span>Twitter<\/span><i class=\"icon-twitter\"><\/i><\/a><\/div><div class=\"single-soc-share-link\"><a href=\"https:\/\/plus.google.com\/share?url=https:\/\/www.korianderplus.de\/?page_id=20\" title=\"Share on Google\" target=\"_blank\"><span>Google<\/span><i class=\"icon-google\"><\/i><\/a><\/div><div class=\"single-soc-share-link\"><a href=\"mailto:?Subject=Spicken ausdr\u00fccklich erlaubt.&Body=I%20saw%20this%20and%20thought%20of%20you!%20https:\/\/www.korianderplus.de\/?page_id=20\" title=\"Share on Mail\" target=\"_blank\"><span>Mail<\/span><i class=\"icon-mail\"><\/i><\/a><\/div><\/div>","protected":false},"excerpt":{"rendered":"<p>Ob fruchtig leichte Salate, bunte Curries mit frischen Kr\u00e4utern, deftiges Schwein in Karamellsauce oder zuckers\u00fc\u00dfe Babybananen \u2013 bei uns findet bestimmt jeder etwas! Zur Speisekarte Facebook Twitter Google Mail<\/p>\n<p><a class=\"moretag\" href=\"https:\/\/www.korianderplus.de\/?page_id=20\">Read more<\/a><\/p>\n","protected":false},"author":1,"featured_media":490,"parent":0,"menu_order":0,"comment_status":"closed","ping_status":"closed","template":"","meta":{"footnotes":""},"_links":{"self":[{"href":"https:\/\/www.korianderplus.de\/index.php?rest_route=\/wp\/v2\/pages\/20"}],"collection":[{"href":"https:\/\/www.korianderplus.de\/index.php?rest_route=\/wp\/v2\/pages"}],"about":[{"href":"https:\/\/www.korianderplus.de\/index.php?rest_route=\/wp\/v2\/types\/page"}],"author":[{"embeddable":true,"href":"https:\/\/www.korianderplus.de\/index.php?rest_route=\/wp\/v2\/users\/1"}],"replies":[{"embeddable":true,"href":"https:\/\/www.korianderplus.de\/index.php?rest_route=%2Fwp%2Fv2%2Fcomments&post=20"}],"version-history":[{"count":21,"href":"https:\/\/www.korianderplus.de\/index.php?rest_route=\/wp\/v2\/pages\/20\/revisions"}],"predecessor-version":[{"id":510,"href":"https:\/\/www.korianderplus.de\/index.php?rest_route=\/wp\/v2\/pages\/20\/revisions\/510"}],"wp:featuredmedia":[{"embeddable":true,"href":"https:\/\/www.korianderplus.de\/index.php?rest_route=\/wp\/v2\/media\/490"}],"wp:attachment":[{"href":"https:\/\/www.korianderplus.de\/index.php?rest_route=%2Fwp%2Fv2%2Fmedia&parent=20"}],"curies":[{"name":"wp","href":"https:\/\/api.w.org\/{rel}","templated":true}]}}