{"id":37,"date":"2019-11-14T18:18:04","date_gmt":"2019-11-14T17:18:04","guid":{"rendered":"https:\/\/korianderplus.de\/Koriander_2019\/?page_id=37"},"modified":"2025-09-18T08:40:42","modified_gmt":"2025-09-18T06:40:42","slug":"wir-servieren-frische-traditionelle-vietnamesische-kueche-seit-2005","status":"publish","type":"page","link":"https:\/\/www.korianderplus.de\/","title":{"rendered":"Xin Ch\u00e0o &#038; <\/br>Servus beinander."},"content":{"rendered":"\n<p class=\"absatz_prominent\">In unserem kleinen, aber feinen familiengef\u00fchrten Lokal im S\u00fcden Schwabings servieren wir frische &amp; traditionelle vietnamesische K\u00fcche seit 2005. Reservierungen und Bestellungen nehmen wir gerne telefonisch entgegen. <\/p>\n\n\n\n<hr class=\"wp-block-separator has-text-color has-css-opacity has-background is-style-wide\" style=\"background-color:#cccccc;color:#cccccc\"\/>\n\n\n\n<p class=\"telefonnummer has-large-font-size\">Tel. 089 \/ 288 05 582<\/p>\n\n\n\n<figure class=\"wp-block-table is-style-regular oeffnungszeiten\"><table class=\"has-fixed-layout\"><tbody><tr><td>Montag\u2013Samstag<\/td><td>Sonntag<\/td><\/tr><tr><td>11:30\u201314:45 Uhr<br>17:30\u201322:15 Uhr<\/td><td>Ruhetag: Auch wir brauchen mal eine Pause<\/td><\/tr><\/tbody><\/table><figcaption class=\"wp-element-caption\">ACHTUNG &#8211; Kartenzahlung m\u00f6glich!<\/figcaption><\/figure>\n\n\n\n<p><\/p>\n\n\n\n<figure class=\"wp-block-image size-medium is-resized\"><a href=\"https:\/\/www.ubereats.com\/de\/store\/koriander\/BIY8UDWeW96_VLoHTV4-Fg?diningMode=DELIVERY\" target=\"_blank\" rel=\"noreferrer noopener\"><img loading=\"lazy\" decoding=\"async\" width=\"300\" height=\"300\" src=\"https:\/\/www.korianderplus.de\/wp-content\/uploads\/2025\/03\/WhatsApp-Image-2025-03-27-at-10.50.34-300x300.jpeg\" alt=\"\" class=\"wp-image-522\" style=\"width:150px\" srcset=\"https:\/\/www.korianderplus.de\/wp-content\/uploads\/2025\/03\/WhatsApp-Image-2025-03-27-at-10.50.34-300x300.jpeg 300w, https:\/\/www.korianderplus.de\/wp-content\/uploads\/2025\/03\/WhatsApp-Image-2025-03-27-at-10.50.34-150x150.jpeg 150w, https:\/\/www.korianderplus.de\/wp-content\/uploads\/2025\/03\/WhatsApp-Image-2025-03-27-at-10.50.34-200x200.jpeg 200w, https:\/\/www.korianderplus.de\/wp-content\/uploads\/2025\/03\/WhatsApp-Image-2025-03-27-at-10.50.34.jpeg 512w\" sizes=\"(max-width: 300px) 100vw, 300px\" \/><\/a><\/figure>\n<div class=\"tkss-post-share icons \"><div class=\"single-soc-share-link\"><a href=\"https:\/\/www.facebook.com\/sharer\/sharer.php?u=https:\/\/www.korianderplus.de\/\" title=\"Share on Facebook\" target=\"_blank\"><span>Facebook<\/span><i class=\"icon-facebook\"><\/i><\/a><\/div><div class=\"single-soc-share-link\"><a href=\"https:\/\/twitter.com\/home?status=Check%20out%20this%20article:%20Xin Ch\u00e0o &#038; <\/br>Servus beinander.%20-%20https:\/\/www.korianderplus.de\/\" title=\"Share on Twitter\" target=\"_blank\"><span>Twitter<\/span><i class=\"icon-twitter\"><\/i><\/a><\/div><div class=\"single-soc-share-link\"><a href=\"https:\/\/plus.google.com\/share?url=https:\/\/www.korianderplus.de\/\" title=\"Share on Google\" target=\"_blank\"><span>Google<\/span><i class=\"icon-google\"><\/i><\/a><\/div><div class=\"single-soc-share-link\"><a href=\"mailto:?Subject=Xin Ch\u00e0o &#038; <\/br>Servus beinander.&Body=I%20saw%20this%20and%20thought%20of%20you!%20https:\/\/www.korianderplus.de\/\" title=\"Share on Mail\" target=\"_blank\"><span>Mail<\/span><i class=\"icon-mail\"><\/i><\/a><\/div><\/div>","protected":false},"excerpt":{"rendered":"<p>In unserem kleinen, aber feinen familiengef\u00fchrten Lokal im S\u00fcden Schwabings servieren wir frische &amp; traditionelle vietnamesische K\u00fcche seit 2005. Reservierungen und Bestellungen nehmen wir gerne telefonisch entgegen. Tel. 089 \/ 288 05 582 Montag\u2013Samstag Sonntag 11:30\u201314:45 Uhr17:30\u201322:15 Uhr Ruhetag: Auch wir brauchen mal eine Pause ACHTUNG &#8211; Kartenzahlung m\u00f6glich! Facebook Twitter Google Mail<\/p>\n<p><a class=\"moretag\" href=\"https:\/\/www.korianderplus.de\/\">Read more<\/a><\/p>\n","protected":false},"author":1,"featured_media":301,"parent":0,"menu_order":0,"comment_status":"closed","ping_status":"closed","template":"","meta":{"footnotes":""},"_links":{"self":[{"href":"https:\/\/www.korianderplus.de\/index.php?rest_route=\/wp\/v2\/pages\/37"}],"collection":[{"href":"https:\/\/www.korianderplus.de\/index.php?rest_route=\/wp\/v2\/pages"}],"about":[{"href":"https:\/\/www.korianderplus.de\/index.php?rest_route=\/wp\/v2\/types\/page"}],"author":[{"embeddable":true,"href":"https:\/\/www.korianderplus.de\/index.php?rest_route=\/wp\/v2\/users\/1"}],"replies":[{"embeddable":true,"href":"https:\/\/www.korianderplus.de\/index.php?rest_route=%2Fwp%2Fv2%2Fcomments&post=37"}],"version-history":[{"count":62,"href":"https:\/\/www.korianderplus.de\/index.php?rest_route=\/wp\/v2\/pages\/37\/revisions"}],"predecessor-version":[{"id":536,"href":"https:\/\/www.korianderplus.de\/index.php?rest_route=\/wp\/v2\/pages\/37\/revisions\/536"}],"wp:featuredmedia":[{"embeddable":true,"href":"https:\/\/www.korianderplus.de\/index.php?rest_route=\/wp\/v2\/media\/301"}],"wp:attachment":[{"href":"https:\/\/www.korianderplus.de\/index.php?rest_route=%2Fwp%2Fv2%2Fmedia&parent=37"}],"curies":[{"name":"wp","href":"https:\/\/api.w.org\/{rel}","templated":true}]}}